{"id":25,"date":"2015-05-18T12:09:59","date_gmt":"2015-05-18T10:09:59","guid":{"rendered":"https:\/\/ck-domstadt-hotels.de\/hotel-stadt-aachen\/?page_id=25"},"modified":"2022-08-11T09:53:43","modified_gmt":"2022-08-11T07:53:43","slug":"startseite","status":"publish","type":"page","link":"https:\/\/ck-domstadt-hotels.de\/hotel-stadt-aachen\/","title":{"rendered":"Startseite"},"content":{"rendered":"<div class=\"wpb-content-wrapper\"><p>[vc_row][vc_column][vc_empty_space height=&#8220;50px&#8220;]<div id=\"ultimate-heading-630369f4d2972d506\" class=\"uvc-heading ult-adjust-bottom-margin ultimate-heading-630369f4d2972d506 uvc-8146 \" data-hspacer=\"no_spacer\"  data-halign=\"center\" style=\"text-align:center\"><div class=\"uvc-heading-spacer no_spacer\" style=\"top\"><\/div><div class=\"uvc-main-heading ult-responsive\"  data-ultimate-target='.uvc-heading.ultimate-heading-630369f4d2972d506 h2'  data-responsive-json-new='{\"font-size\":\"\",\"line-height\":\"\"}' ><h2 style=\"font-weight:normal;color:#003300;\">BRAUGASTHAUS NAUMBURG<\/h2><\/div><\/div>[vc_empty_space height=&#8220;35px&#8220;][vc_column_text]<\/p>\n<div style=\"display: block !important; clear: both !important; font-family: arial,helvetica,sans-serif !important; font-size: 11px !important; font-weight: bold !important; text-decoration: none !important; margin: 0 0 3px !important; background: none !important; color: #4c74ad; width: 730px;\">Zimmer suchen und buchen<\/div>\n<div id=\"bcLbirUw5f\" data-borlabs-cookie-blocked-content><div class=\"borlabs-cookie-bct-default\"> <p>Klicken Sie auf die Schaltfl\u00e4che unten, um den Inhalt von hotelservice.hrs.com zu laden.<br> <a role=\"button\" data-borlabs-cookie-unblock>Inhalt laden<\/a><\/p> <\/div><\/div>\n<div style=\"display: block!important; clear: both!important; font-family: arial,helvetica,sans-serif ! important; font-size: 11px!important; font-weight: normal!important; text-decoration: none!important; margin: 4px 0 0 0!important; background: none !important; color: #4c74ad; width: 730px;\">Hotels powered by HRS<\/div>\n<p>[\/vc_column_text]<div id=\"ultimate-heading-94769f4d2972d574\" class=\"uvc-heading ult-adjust-bottom-margin ultimate-heading-94769f4d2972d574 uvc-3263 \" data-hspacer=\"no_spacer\"  data-halign=\"left\" style=\"text-align:left\"><div class=\"uvc-heading-spacer no_spacer\" style=\"top\"><\/div><div class=\"uvc-main-heading ult-responsive\"  data-ultimate-target='.uvc-heading.ultimate-heading-94769f4d2972d574 h3'  data-responsive-json-new='{\"font-size\":\"\",\"line-height\":\"\"}' ><h3 style=\"font-weight:normal;\">Buchungs-Hotline<\/h3><\/div><div class=\"uvc-sub-heading ult-responsive\"  data-ultimate-target='.uvc-heading.ultimate-heading-94769f4d2972d574 .uvc-sub-heading '  data-responsive-json-new='{\"font-size\":\"\",\"line-height\":\"\"}'  style=\"font-weight:normal;\">[dt_gap height=&#8220;20&#8243; \/]<\/p>\n<p>Haben Sie Fragen zu einem Angebot oder zur Buchung, dann rufen Sie uns an!<br \/>\nWir geben Ihnen gerne Auskunft und verhelfen Ihnen schnell zu einem wundersch\u00f6nen Urlaub in unserer Region.<br \/>\nUnter +49 (0) 3445 26 10 80 k\u00f6nnen Sie uns t\u00e4glich von 8:00 &#8211; 20:00 Uhr erreichen.<\/div><\/div>[vc_empty_space height=&#8220;50px&#8220;]<div id=\"ultimate-heading-764069f4d2972d5b4\" class=\"uvc-heading ult-adjust-bottom-margin ultimate-heading-764069f4d2972d5b4 uvc-3748 \" data-hspacer=\"no_spacer\"  data-halign=\"center\" style=\"text-align:center\"><div class=\"uvc-heading-spacer no_spacer\" style=\"top\"><\/div><div class=\"uvc-main-heading ult-responsive\"  data-ultimate-target='.uvc-heading.ultimate-heading-764069f4d2972d5b4 h2'  data-responsive-json-new='{\"font-size\":\"\",\"line-height\":\"\"}' ><h2 style=\"font-weight:normal;\">Brauerei &amp; Restaurant<\/h2><\/div><div class=\"uvc-sub-heading ult-responsive\"  data-ultimate-target='.uvc-heading.ultimate-heading-764069f4d2972d5b4 .uvc-sub-heading '  data-responsive-json-new='{\"font-size\":\"\",\"line-height\":\"\"}'  style=\"font-weight:normal;\">[dt_gap height=&#8220;8&#8243; \/]<\/p>\n<p>Genie\u00dfen Sie unser hausgebrautes Bier.<\/div><\/div><div class=\"ult-spacer spacer-69f4d2972d5ea\" data-id=\"69f4d2972d5ea\" data-height=\"20\" data-height-mobile=\"20\" data-height-tab=\"20\" data-height-tab-portrait=\"\" data-height-mobile-landscape=\"\" style=\"clear:both;display:block;\"><\/div>[\/vc_column][\/vc_row][vc_row][vc_column width=&#8220;1\/2&#8243;][vc_single_image image=&#8220;1154&#8243; img_size=&#8220;full&#8220;][\/vc_column][vc_column width=&#8220;1\/2&#8243;][vc_column_text]<\/p>\n<p class=\"p1\">Wir begr\u00fc\u00dfen Sie in unserem am 28.05.2022 er\u00f6ffneten Braugasthaus,<span class=\"Apple-converted-space\">\u00a0 <\/span>mit dem wir die Naumburger Brautradition fortf\u00fchren wollen.<span class=\"Apple-converted-space\">\u00a0<\/span><\/p>\n<p class=\"p1\">Unsere Gastfreundlichkeit, die hausgebrauten Biere, die abwechslungsreiche regionale K\u00fcche und die N\u00e4he zum Welterbe Naumburger Dom \u2013 all das macht einen Aufenthalt im Braugasthaus zu etwas Besonderem. Lassen Sie sich im Zentrum von Naumburg von uns verw\u00f6hnen und erleben dabei das bunte Treiben unserer historischen Innenstadt.<\/p>\n<p class=\"p1\">Wir laden Sie ein, genussvolle Stunden in unserer gem\u00fctlichen Gaststube oder im Biergarten zu verbringen und sich abends in unseren liebevoll eingerichteten G\u00e4stezimmern zu erholen.<\/p>\n<p class=\"p1\">Unser K\u00fcchenteam hat f\u00fcr Sie Speisen zusammengestellt, die hervorragend zu unserem hausgebrauten Bier passen und Ihren Aufenthalt bei uns abrunden. Dabei verwenden wir in unserer K\u00fcche vorwiegend regionale Produkte und kochen traditionell.<\/p>\n<p class=\"p3\">Wir w\u00fcnschen Ihnen einen angenehmen Aufenthalt und einen guten Appetit!<span class=\"Apple-converted-space\">\u00a0<\/span><\/p>\n<p>[\/vc_column_text][\/vc_column][\/vc_row][vc_row full_width=&#8220;true&#8220; bg_type=&#8220;grad&#8220; bg_grad=&#8220;background: -webkit-gradient(linear, left top, left bottom, color-stop(0%, #E3E3E3), color-stop(99%, #F7F7F7));background: -moz-linear-gradient(top,#E3E3E3 0%,#F7F7F7 99%);background: -webkit-linear-gradient(top,#E3E3E3 0%,#F7F7F7 99%);background: -o-linear-gradient(top,#E3E3E3 0%,#F7F7F7 99%);background: -ms-linear-gradient(top,#E3E3E3 0%,#F7F7F7 99%);background: linear-gradient(top,#E3E3E3 0%,#F7F7F7 99%);&#8220;][vc_column offset=&#8220;vc_hidden-lg vc_hidden-md vc_hidden-sm vc_hidden-xs&#8220;][vc_empty_space height=&#8220;50px&#8220;][\/vc_column][\/vc_row][vc_row margin_top=&#8220;50&#8243; margin_bottom=&#8220;50&#8243;][vc_column]<div id=\"ultimate-heading-953269f4d2972d605\" class=\"uvc-heading ult-adjust-bottom-margin ultimate-heading-953269f4d2972d605 uvc-923 \" data-hspacer=\"no_spacer\"  data-halign=\"center\" style=\"text-align:center\"><div class=\"uvc-heading-spacer no_spacer\" style=\"top\"><\/div><div class=\"uvc-main-heading ult-responsive\"  data-ultimate-target='.uvc-heading.ultimate-heading-953269f4d2972d605 h2'  data-responsive-json-new='{\"font-size\":\"\",\"line-height\":\"\"}' ><h2 style=\"font-weight:normal;\">Zimmervermietung<\/h2><\/div><div class=\"uvc-sub-heading ult-responsive\"  data-ultimate-target='.uvc-heading.ultimate-heading-953269f4d2972d605 .uvc-sub-heading '  data-responsive-json-new='{\"font-size\":\"\",\"line-height\":\"\"}'  style=\"font-weight:normal;\">[dt_gap height=&#8220;8&#8243; \/]<\/p>\n<p>Unser Braugasthaus befindet sich in einem, aus dem Mittelalter stammenden Geb\u00e4ude.<\/div><\/div>[vc_empty_space height=&#8220;20px&#8220;][vc_row_inner][vc_column_inner width=&#8220;1\/2&#8243;][vc_single_image image=&#8220;1158&#8243; img_size=&#8220;full&#8220; alignment=&#8220;center&#8220; style=&#8220;vc_box_shadow&#8220;][\/vc_column_inner][vc_column_inner width=&#8220;1\/2&#8243;][vc_column_text]<\/p>\n<p style=\"text-align: justify;\">Das Gasthaus liegt direkt am historischen Marktplatz der Domstadt Naumburg und bietet den idealen Ausgangspunkt f\u00fcr die Erkundung der sch\u00f6nsten Stadt Mitteldeutschlands, welche sich eingebettet in Weinbergen und sanften H\u00fcgeln pr\u00e4sentiert. Lernen Sie die historische Altstadt mit dem Dom kennen, entdecken Sie Kunsthandwerkliches und Individuelles in den zahlreichen kleinen Gesch\u00e4ften oder unternehmen Sie einen Ausflug auf den gut ausgebauten Radwanderwegen an Saale und Unstrut. Das unter Denkmalschutz stehende Haus bietet Komfort, kombiniert mit historischem Charme und Individualit\u00e4t.<\/p>\n<p style=\"text-align: justify;\">[dt_gap height=&#8220;10&#8243; \/]<\/p>\n<p style=\"text-align: justify;\">Nach Ihrem Ausflug k\u00f6nnen Sie sich im Gasthaus mit seinem sch\u00f6nen Kreuzgew\u00f6lbe st\u00e4rken oder die Abendsonne im Biergarten mit einem hausgebrauten Bier genie\u00dfen.<\/p>\n<p>[\/vc_column_text][\/vc_column_inner][\/vc_row_inner][vc_empty_space height=&#8220;50px&#8220;][\/vc_column][\/vc_row][vc_row margin_top=&#8220;50&#8243; margin_bottom=&#8220;50&#8243;][vc_column]<div id=\"ultimate-heading-104669f4d2972d641\" class=\"uvc-heading ult-adjust-bottom-margin ultimate-heading-104669f4d2972d641 uvc-8209 \" data-hspacer=\"no_spacer\"  data-halign=\"center\" style=\"text-align:center\"><div class=\"uvc-heading-spacer no_spacer\" style=\"top\"><\/div><div class=\"uvc-main-heading ult-responsive\"  data-ultimate-target='.uvc-heading.ultimate-heading-104669f4d2972d641 h3'  data-responsive-json-new='{\"font-size\":\"\",\"line-height\":\"\"}' ><h3 style=\"font-weight:normal;\">Brauereif\u00fchrungen &amp; Bierverkostung<\/h3><\/div><div class=\"uvc-sub-heading ult-responsive\"  data-ultimate-target='.uvc-heading.ultimate-heading-104669f4d2972d641 .uvc-sub-heading '  data-responsive-json-new='{\"font-size\":\"\",\"line-height\":\"\"}'  style=\"font-weight:normal;\">[dt_gap height=&#8220;8&#8243; \/]<\/p>\n<p>Lernen Sie unser hausgebrautes Bier kennen.<\/div><\/div>[vc_empty_space height=&#8220;20px&#8220;][dt_portfolio number=&#8220;6&#8243; orderby=&#8220;rand&#8220; type=&#8220;grid&#8220; same_width=&#8220;true&#8220; padding=&#8220;30&#8243; proportion=&#8220;16:9&#8243; bg_under_projects=&#8220;disabled&#8220; show_title=&#8220;true&#8220; show_link=&#8220;true&#8220; show_excerpt=&#8220;true&#8220; show_details=&#8220;true&#8220; column_width=&#8220;100&#8243; category=&#8220;arrangements&#8220;][\/vc_column][\/vc_row][vc_row type=&#8220;1&#8243;][vc_column][dt_gap height=&#8220;40&#8243;]<div class=\"ult-spacer spacer-69f4d2972d66c\" data-id=\"69f4d2972d66c\" data-height=\"35\" data-height-mobile=\"35\" data-height-tab=\"35\" data-height-tab-portrait=\"\" data-height-mobile-landscape=\"\" style=\"clear:both;display:block;\"><\/div>[\/vc_column][\/vc_row][vc_row full_width=&#8220;true&#8220;][vc_column][dt_small_photos number=&#8220;25&#8243; padding=&#8220;0&#8243; width=&#8220;320&#8243; height=&#8220;320&#8243; arrows=&#8220;rectangular_accent&#8220; autoslide=&#8220;6000&#8243; loop=&#8220;true&#8220; category=&#8220;hotel&#8220;][vc_empty_space height=&#8220;10px&#8220;][vc_single_image image=&#8220;609&#8243; img_size=&#8220;full&#8220; alignment=&#8220;center&#8220;][\/vc_column][\/vc_row][vc_row margin_bottom=&#8220;-50&#8243;][vc_column][dt_gap height=&#8220;40&#8243;][dt_gap height=&#8220;40&#8243;][\/vc_column][\/vc_row][vc_row][vc_column][\/vc_column][\/vc_row]<\/p>\n<\/div>","protected":false},"excerpt":{"rendered":"<p>[vc_row][vc_column][vc_empty_space height=&#8220;50px&#8220;][vc_empty_space height=&#8220;35px&#8220;][vc_column_text] Zimmer suchen und buchen Klicken Sie auf die Schaltfl\u00e4che unten, um den Inhalt von hotelservice.hrs.com zu laden. Inhalt laden Hotels powered by HRS [\/vc_column_text][vc_empty_space height=&#8220;50px&#8220;][\/vc_column][\/vc_row][vc_row][vc_column width=&#8220;1\/2&#8243;][vc_single_image image=&#8220;1154&#8243; img_size=&#8220;full&#8220;][\/vc_column][vc_column width=&#8220;1\/2&#8243;][vc_column_text] Wir begr\u00fc\u00dfen Sie in unserem am 28.05.2022 er\u00f6ffneten Braugasthaus,\u00a0 mit dem wir die Naumburger Brautradition fortf\u00fchren wollen.\u00a0 Unsere Gastfreundlichkeit, die hausgebrauten Biere, die [&hellip;]<\/p>\n","protected":false},"author":1,"featured_media":0,"parent":0,"menu_order":100,"comment_status":"closed","ping_status":"closed","template":"","meta":{"footnotes":""},"class_list":["post-25","page","type-page","status-publish","hentry"],"yoast_head":"<!-- This site is optimized with the Yoast SEO plugin v25.2 - https:\/\/yoast.com\/wordpress\/plugins\/seo\/ -->\n<title>Hotel Stadt Aachen in Naumburg<\/title>\n<meta name=\"description\" content=\"Hotel Stadt Aachen in Naumburg direkt am historischen Marktplatz der Domstadt Naumburg. Ein Hotel der CK Domstadt-Hotels Gmbh &amp; Co. KG Naumburg\" \/>\n<meta name=\"robots\" content=\"index, follow, max-snippet:-1, max-image-preview:large, max-video-preview:-1\" \/>\n<link rel=\"canonical\" href=\"https:\/\/ck-domstadt-hotels.de\/hotel-stadt-aachen\/\" \/>\n<meta property=\"og:locale\" content=\"de_DE\" \/>\n<meta property=\"og:type\" content=\"article\" \/>\n<meta property=\"og:title\" content=\"Hotel Stadt Aachen in Naumburg\" \/>\n<meta property=\"og:description\" content=\"Hotel Stadt Aachen in Naumburg direkt am historischen Marktplatz der Domstadt Naumburg. Ein Hotel der CK Domstadt-Hotels Gmbh &amp; Co. KG Naumburg\" \/>\n<meta property=\"og:url\" content=\"https:\/\/ck-domstadt-hotels.de\/hotel-stadt-aachen\/\" \/>\n<meta property=\"og:site_name\" content=\"Hotel Stadt Aachen\" \/>\n<meta property=\"article:modified_time\" content=\"2022-08-11T07:53:43+00:00\" \/>\n<meta name=\"twitter:card\" content=\"summary_large_image\" \/>\n<meta name=\"twitter:label1\" content=\"Gesch\u00e4tzte Lesezeit\" \/>\n\t<meta name=\"twitter:data1\" content=\"3\u00a0Minuten\" \/>\n<script type=\"application\/ld+json\" class=\"yoast-schema-graph\">{\"@context\":\"https:\/\/schema.org\",\"@graph\":[{\"@type\":\"WebPage\",\"@id\":\"https:\/\/ck-domstadt-hotels.de\/hotel-stadt-aachen\/\",\"url\":\"https:\/\/ck-domstadt-hotels.de\/hotel-stadt-aachen\/\",\"name\":\"Hotel Stadt Aachen in Naumburg\",\"isPartOf\":{\"@id\":\"https:\/\/ck-domstadt-hotels.de\/hotel-stadt-aachen\/#website\"},\"datePublished\":\"2015-05-18T10:09:59+00:00\",\"dateModified\":\"2022-08-11T07:53:43+00:00\",\"description\":\"Hotel Stadt Aachen in Naumburg direkt am historischen Marktplatz der Domstadt Naumburg. Ein Hotel der CK Domstadt-Hotels Gmbh & Co. KG Naumburg\",\"breadcrumb\":{\"@id\":\"https:\/\/ck-domstadt-hotels.de\/hotel-stadt-aachen\/#breadcrumb\"},\"inLanguage\":\"de\",\"potentialAction\":[{\"@type\":\"ReadAction\",\"target\":[\"https:\/\/ck-domstadt-hotels.de\/hotel-stadt-aachen\/\"]}]},{\"@type\":\"BreadcrumbList\",\"@id\":\"https:\/\/ck-domstadt-hotels.de\/hotel-stadt-aachen\/#breadcrumb\",\"itemListElement\":[{\"@type\":\"ListItem\",\"position\":1,\"name\":\"Home\",\"item\":\"https:\/\/ck-domstadt-hotels.de\/hotel-stadt-aachen\/\"},{\"@type\":\"ListItem\",\"position\":2,\"name\":\"Startseite\"}]},{\"@type\":\"WebSite\",\"@id\":\"https:\/\/ck-domstadt-hotels.de\/hotel-stadt-aachen\/#website\",\"url\":\"https:\/\/ck-domstadt-hotels.de\/hotel-stadt-aachen\/\",\"name\":\"Hotel Stadt Aachen\",\"description\":\"\",\"potentialAction\":[{\"@type\":\"SearchAction\",\"target\":{\"@type\":\"EntryPoint\",\"urlTemplate\":\"https:\/\/ck-domstadt-hotels.de\/hotel-stadt-aachen\/?s={search_term_string}\"},\"query-input\":{\"@type\":\"PropertyValueSpecification\",\"valueRequired\":true,\"valueName\":\"search_term_string\"}}],\"inLanguage\":\"de\"}]}<\/script>\n<!-- \/ Yoast SEO plugin. -->","yoast_head_json":{"title":"Hotel Stadt Aachen in Naumburg","description":"Hotel Stadt Aachen in Naumburg direkt am historischen Marktplatz der Domstadt Naumburg. Ein Hotel der CK Domstadt-Hotels Gmbh & Co. KG Naumburg","robots":{"index":"index","follow":"follow","max-snippet":"max-snippet:-1","max-image-preview":"max-image-preview:large","max-video-preview":"max-video-preview:-1"},"canonical":"https:\/\/ck-domstadt-hotels.de\/hotel-stadt-aachen\/","og_locale":"de_DE","og_type":"article","og_title":"Hotel Stadt Aachen in Naumburg","og_description":"Hotel Stadt Aachen in Naumburg direkt am historischen Marktplatz der Domstadt Naumburg. Ein Hotel der CK Domstadt-Hotels Gmbh & Co. KG Naumburg","og_url":"https:\/\/ck-domstadt-hotels.de\/hotel-stadt-aachen\/","og_site_name":"Hotel Stadt Aachen","article_modified_time":"2022-08-11T07:53:43+00:00","twitter_card":"summary_large_image","twitter_misc":{"Gesch\u00e4tzte Lesezeit":"3\u00a0Minuten"},"schema":{"@context":"https:\/\/schema.org","@graph":[{"@type":"WebPage","@id":"https:\/\/ck-domstadt-hotels.de\/hotel-stadt-aachen\/","url":"https:\/\/ck-domstadt-hotels.de\/hotel-stadt-aachen\/","name":"Hotel Stadt Aachen in Naumburg","isPartOf":{"@id":"https:\/\/ck-domstadt-hotels.de\/hotel-stadt-aachen\/#website"},"datePublished":"2015-05-18T10:09:59+00:00","dateModified":"2022-08-11T07:53:43+00:00","description":"Hotel Stadt Aachen in Naumburg direkt am historischen Marktplatz der Domstadt Naumburg. Ein Hotel der CK Domstadt-Hotels Gmbh & Co. KG Naumburg","breadcrumb":{"@id":"https:\/\/ck-domstadt-hotels.de\/hotel-stadt-aachen\/#breadcrumb"},"inLanguage":"de","potentialAction":[{"@type":"ReadAction","target":["https:\/\/ck-domstadt-hotels.de\/hotel-stadt-aachen\/"]}]},{"@type":"BreadcrumbList","@id":"https:\/\/ck-domstadt-hotels.de\/hotel-stadt-aachen\/#breadcrumb","itemListElement":[{"@type":"ListItem","position":1,"name":"Home","item":"https:\/\/ck-domstadt-hotels.de\/hotel-stadt-aachen\/"},{"@type":"ListItem","position":2,"name":"Startseite"}]},{"@type":"WebSite","@id":"https:\/\/ck-domstadt-hotels.de\/hotel-stadt-aachen\/#website","url":"https:\/\/ck-domstadt-hotels.de\/hotel-stadt-aachen\/","name":"Hotel Stadt Aachen","description":"","potentialAction":[{"@type":"SearchAction","target":{"@type":"EntryPoint","urlTemplate":"https:\/\/ck-domstadt-hotels.de\/hotel-stadt-aachen\/?s={search_term_string}"},"query-input":{"@type":"PropertyValueSpecification","valueRequired":true,"valueName":"search_term_string"}}],"inLanguage":"de"}]}},"_links":{"self":[{"href":"https:\/\/ck-domstadt-hotels.de\/hotel-stadt-aachen\/wp-json\/wp\/v2\/pages\/25","targetHints":{"allow":["GET"]}}],"collection":[{"href":"https:\/\/ck-domstadt-hotels.de\/hotel-stadt-aachen\/wp-json\/wp\/v2\/pages"}],"about":[{"href":"https:\/\/ck-domstadt-hotels.de\/hotel-stadt-aachen\/wp-json\/wp\/v2\/types\/page"}],"author":[{"embeddable":true,"href":"https:\/\/ck-domstadt-hotels.de\/hotel-stadt-aachen\/wp-json\/wp\/v2\/users\/1"}],"replies":[{"embeddable":true,"href":"https:\/\/ck-domstadt-hotels.de\/hotel-stadt-aachen\/wp-json\/wp\/v2\/comments?post=25"}],"version-history":[{"count":137,"href":"https:\/\/ck-domstadt-hotels.de\/hotel-stadt-aachen\/wp-json\/wp\/v2\/pages\/25\/revisions"}],"predecessor-version":[{"id":1273,"href":"https:\/\/ck-domstadt-hotels.de\/hotel-stadt-aachen\/wp-json\/wp\/v2\/pages\/25\/revisions\/1273"}],"wp:attachment":[{"href":"https:\/\/ck-domstadt-hotels.de\/hotel-stadt-aachen\/wp-json\/wp\/v2\/media?parent=25"}],"curies":[{"name":"wp","href":"https:\/\/api.w.org\/{rel}","templated":true}]}}