{"id":1405,"date":"2015-11-10T14:48:41","date_gmt":"2015-11-10T13:48:41","guid":{"rendered":"https:\/\/ck-domstadt-hotels.de\/hotel-zur-alten-schmiede\/?page_id=1405"},"modified":"2015-11-16T11:04:32","modified_gmt":"2015-11-16T10:04:32","slug":"gutschein","status":"publish","type":"page","link":"https:\/\/ck-domstadt-hotels.de\/hotel-zur-alten-schmiede\/naumburg\/gutschein\/","title":{"rendered":"Gutschein"},"content":{"rendered":"<div class=\"wpb-content-wrapper\"><p>[vc_row][vc_column][vc_empty_space height=&#8220;20px&#8220;]<div id=\"ultimate-heading-964269e7e0de1e665\" class=\"uvc-heading ult-adjust-bottom-margin ultimate-heading-964269e7e0de1e665 uvc-6321  uvc-heading-default-font-sizes\" data-hspacer=\"no_spacer\"  data-halign=\"left\" style=\"text-align:left\"><div class=\"uvc-heading-spacer no_spacer\" style=\"top\"><\/div><div class=\"uvc-main-heading ult-responsive\"  data-ultimate-target='.uvc-heading.ultimate-heading-964269e7e0de1e665 h2'  data-responsive-json-new='{\"font-size\":\"\",\"line-height\":\"\"}' ><h2 style=\"--font-weight:theme;\">Schenken Sie Freude...<\/h2><\/div><div class=\"uvc-sub-heading ult-responsive\"  data-ultimate-target='.uvc-heading.ultimate-heading-964269e7e0de1e665 .uvc-sub-heading '  data-responsive-json-new='{\"font-size\":\"desktop:20px;\",\"line-height\":\"\"}'  style=\"font-weight:normal;\"><div class=\"gap\" style=\"line-height: 20px; height: 20px;\"><\/div>\n<p>\u00dcberreichen Sie eine ganz besondere Aufmerksamkeit!<\/div><\/div>[vc_empty_space height=&#8220;20px&#8220;][vc_row_inner][vc_column_inner width=&#8220;1\/2&#8243;][vc_column_text]<\/p>\n<p style=\"text-align: justify;\">Machen Sie Ihren Lieben oder Freunden und Bekannten eine \u00dcberraschung und g\u00f6nnen Sie Ihnen einen unserer <strong>Gutscheine<\/strong>. Da ist garantiert f\u00fcr jeden etwas dabei. Alle unsere angebotenen <strong>Arrangements<\/strong> k\u00f6nnen Sie auch verschenken. Oder Sie m\u00f6chten einen lieben Menschen mit einem <strong>3-G\u00e4nge-Men\u00fc<\/strong> verzaubern, Ihre G\u00e4ste mit einem besonderen Wochenende in und um Naumburg, z.B. mit einem Besuch in der <strong>Sektkellerei Freyburg <\/strong>oder einer Besichtigung der <strong>Himmelsscheibe Nebra<\/strong>, beeindrucken?<\/p>\n<p style=\"text-align: justify;\">Sollte aus unserem Angebot nicht das Passende dabei sein, teilen Sie uns Ihre Geschenkideen mit, die wir gern und liebevoll als Gutschein verpacken!<\/p>\n<p>[\/vc_column_text][vc_empty_space height=&#8220;20px&#8220;]<a href=\"https:\/\/ck-domstadt-hotels.de\/kontakt\/\" class=\"btn-shortcode dt-btn-m dt-btn default-btn-color default-btn-hover-color default-btn-bg-color default-btn-bg-hover-color\" id=\"dt-btn-1\"><span>Kontaktanfrage<\/span><\/a>[\/vc_column_inner][vc_column_inner width=&#8220;1\/2&#8243;][vc_single_image image=&#8220;1411&#8243; img_size=&#8220;full&#8220; alignment=&#8220;center&#8220; style=&#8220;vc_box_shadow&#8220;][\/vc_column_inner][\/vc_row_inner][\/vc_column][\/vc_row]<\/p>\n<\/div>","protected":false},"excerpt":{"rendered":"<p>[vc_row][vc_column][vc_empty_space height=&#8220;20px&#8220;][vc_empty_space height=&#8220;20px&#8220;][vc_row_inner][vc_column_inner width=&#8220;1\/2&#8243;][vc_column_text] Machen Sie Ihren Lieben oder Freunden und Bekannten eine \u00dcberraschung und g\u00f6nnen Sie Ihnen einen unserer Gutscheine. Da ist garantiert f\u00fcr jeden etwas dabei. Alle unsere angebotenen Arrangements k\u00f6nnen Sie auch verschenken. Oder Sie m\u00f6chten einen lieben Menschen mit einem 3-G\u00e4nge-Men\u00fc verzaubern, Ihre G\u00e4ste mit einem besonderen Wochenende in und um&hellip;<\/p>\n","protected":false},"author":1,"featured_media":0,"parent":10,"menu_order":0,"comment_status":"closed","ping_status":"closed","template":"","meta":{"footnotes":""},"class_list":["post-1405","page","type-page","status-publish","hentry","description-off"],"yoast_head":"<!-- This site is optimized with the Yoast SEO plugin v25.5 - https:\/\/yoast.com\/wordpress\/plugins\/seo\/ -->\n<title>Gutschein Hotel Zur Alten Schmiede ***s Naumburg<\/title>\n<meta name=\"description\" content=\"Hotel Zur Alten Schmiede - inmitten der historischen Altstadt von Naumburg. Alle unsere angebotenen Arrangements k\u00f6nnen Sie als Gutschein auch verschenken.\" \/>\n<meta name=\"robots\" content=\"index, follow, max-snippet:-1, max-image-preview:large, max-video-preview:-1\" \/>\n<link rel=\"canonical\" href=\"https:\/\/ck-domstadt-hotels.de\/hotel-zur-alten-schmiede\/naumburg\/gutschein\/\" \/>\n<meta property=\"og:locale\" content=\"de_DE\" \/>\n<meta property=\"og:type\" content=\"article\" \/>\n<meta property=\"og:title\" content=\"Gutschein Hotel Zur Alten Schmiede ***s Naumburg\" \/>\n<meta property=\"og:description\" content=\"Hotel Zur Alten Schmiede - inmitten der historischen Altstadt von Naumburg. Alle unsere angebotenen Arrangements k\u00f6nnen Sie als Gutschein auch verschenken.\" \/>\n<meta property=\"og:url\" content=\"https:\/\/ck-domstadt-hotels.de\/hotel-zur-alten-schmiede\/naumburg\/gutschein\/\" \/>\n<meta property=\"og:site_name\" content=\"Hotel Zur Alten Schmiede\" \/>\n<meta property=\"article:modified_time\" content=\"2015-11-16T10:04:32+00:00\" \/>\n<meta name=\"twitter:card\" content=\"summary_large_image\" \/>\n<meta name=\"twitter:label1\" content=\"Gesch\u00e4tzte Lesezeit\" \/>\n\t<meta name=\"twitter:data1\" content=\"1\u00a0Minute\" \/>\n<script type=\"application\/ld+json\" class=\"yoast-schema-graph\">{\"@context\":\"https:\/\/schema.org\",\"@graph\":[{\"@type\":\"WebPage\",\"@id\":\"https:\/\/ck-domstadt-hotels.de\/hotel-zur-alten-schmiede\/naumburg\/gutschein\/\",\"url\":\"https:\/\/ck-domstadt-hotels.de\/hotel-zur-alten-schmiede\/naumburg\/gutschein\/\",\"name\":\"Gutschein Hotel Zur Alten Schmiede ***s Naumburg\",\"isPartOf\":{\"@id\":\"https:\/\/ck-domstadt-hotels.de\/hotel-zur-alten-schmiede\/#website\"},\"datePublished\":\"2015-11-10T13:48:41+00:00\",\"dateModified\":\"2015-11-16T10:04:32+00:00\",\"description\":\"Hotel Zur Alten Schmiede - inmitten der historischen Altstadt von Naumburg. Alle unsere angebotenen Arrangements k\u00f6nnen Sie als Gutschein auch verschenken.\",\"breadcrumb\":{\"@id\":\"https:\/\/ck-domstadt-hotels.de\/hotel-zur-alten-schmiede\/naumburg\/gutschein\/#breadcrumb\"},\"inLanguage\":\"de\",\"potentialAction\":[{\"@type\":\"ReadAction\",\"target\":[\"https:\/\/ck-domstadt-hotels.de\/hotel-zur-alten-schmiede\/naumburg\/gutschein\/\"]}]},{\"@type\":\"BreadcrumbList\",\"@id\":\"https:\/\/ck-domstadt-hotels.de\/hotel-zur-alten-schmiede\/naumburg\/gutschein\/#breadcrumb\",\"itemListElement\":[{\"@type\":\"ListItem\",\"position\":1,\"name\":\"Home\",\"item\":\"https:\/\/ck-domstadt-hotels.de\/hotel-zur-alten-schmiede\/\"},{\"@type\":\"ListItem\",\"position\":2,\"name\":\"Zimmer &#038; Preise\",\"item\":\"https:\/\/ck-domstadt-hotels.de\/hotel-zur-alten-schmiede\/naumburg\/\"},{\"@type\":\"ListItem\",\"position\":3,\"name\":\"Gutschein\"}]},{\"@type\":\"WebSite\",\"@id\":\"https:\/\/ck-domstadt-hotels.de\/hotel-zur-alten-schmiede\/#website\",\"url\":\"https:\/\/ck-domstadt-hotels.de\/hotel-zur-alten-schmiede\/\",\"name\":\"Hotel Zur Alten Schmiede\",\"description\":\"Eine Informationsseite f\u00fcr \u00dcbernachtungen, Restaurant und Tagungen in Naumburg (Saale)\",\"potentialAction\":[{\"@type\":\"SearchAction\",\"target\":{\"@type\":\"EntryPoint\",\"urlTemplate\":\"https:\/\/ck-domstadt-hotels.de\/hotel-zur-alten-schmiede\/?s={search_term_string}\"},\"query-input\":{\"@type\":\"PropertyValueSpecification\",\"valueRequired\":true,\"valueName\":\"search_term_string\"}}],\"inLanguage\":\"de\"}]}<\/script>\n<!-- \/ Yoast SEO plugin. -->","yoast_head_json":{"title":"Gutschein Hotel Zur Alten Schmiede ***s Naumburg","description":"Hotel Zur Alten Schmiede - inmitten der historischen Altstadt von Naumburg. Alle unsere angebotenen Arrangements k\u00f6nnen Sie als Gutschein auch verschenken.","robots":{"index":"index","follow":"follow","max-snippet":"max-snippet:-1","max-image-preview":"max-image-preview:large","max-video-preview":"max-video-preview:-1"},"canonical":"https:\/\/ck-domstadt-hotels.de\/hotel-zur-alten-schmiede\/naumburg\/gutschein\/","og_locale":"de_DE","og_type":"article","og_title":"Gutschein Hotel Zur Alten Schmiede ***s Naumburg","og_description":"Hotel Zur Alten Schmiede - inmitten der historischen Altstadt von Naumburg. Alle unsere angebotenen Arrangements k\u00f6nnen Sie als Gutschein auch verschenken.","og_url":"https:\/\/ck-domstadt-hotels.de\/hotel-zur-alten-schmiede\/naumburg\/gutschein\/","og_site_name":"Hotel Zur Alten Schmiede","article_modified_time":"2015-11-16T10:04:32+00:00","twitter_card":"summary_large_image","twitter_misc":{"Gesch\u00e4tzte Lesezeit":"1\u00a0Minute"},"schema":{"@context":"https:\/\/schema.org","@graph":[{"@type":"WebPage","@id":"https:\/\/ck-domstadt-hotels.de\/hotel-zur-alten-schmiede\/naumburg\/gutschein\/","url":"https:\/\/ck-domstadt-hotels.de\/hotel-zur-alten-schmiede\/naumburg\/gutschein\/","name":"Gutschein Hotel Zur Alten Schmiede ***s Naumburg","isPartOf":{"@id":"https:\/\/ck-domstadt-hotels.de\/hotel-zur-alten-schmiede\/#website"},"datePublished":"2015-11-10T13:48:41+00:00","dateModified":"2015-11-16T10:04:32+00:00","description":"Hotel Zur Alten Schmiede - inmitten der historischen Altstadt von Naumburg. Alle unsere angebotenen Arrangements k\u00f6nnen Sie als Gutschein auch verschenken.","breadcrumb":{"@id":"https:\/\/ck-domstadt-hotels.de\/hotel-zur-alten-schmiede\/naumburg\/gutschein\/#breadcrumb"},"inLanguage":"de","potentialAction":[{"@type":"ReadAction","target":["https:\/\/ck-domstadt-hotels.de\/hotel-zur-alten-schmiede\/naumburg\/gutschein\/"]}]},{"@type":"BreadcrumbList","@id":"https:\/\/ck-domstadt-hotels.de\/hotel-zur-alten-schmiede\/naumburg\/gutschein\/#breadcrumb","itemListElement":[{"@type":"ListItem","position":1,"name":"Home","item":"https:\/\/ck-domstadt-hotels.de\/hotel-zur-alten-schmiede\/"},{"@type":"ListItem","position":2,"name":"Zimmer &#038; Preise","item":"https:\/\/ck-domstadt-hotels.de\/hotel-zur-alten-schmiede\/naumburg\/"},{"@type":"ListItem","position":3,"name":"Gutschein"}]},{"@type":"WebSite","@id":"https:\/\/ck-domstadt-hotels.de\/hotel-zur-alten-schmiede\/#website","url":"https:\/\/ck-domstadt-hotels.de\/hotel-zur-alten-schmiede\/","name":"Hotel Zur Alten Schmiede","description":"Eine Informationsseite f\u00fcr \u00dcbernachtungen, Restaurant und Tagungen in Naumburg (Saale)","potentialAction":[{"@type":"SearchAction","target":{"@type":"EntryPoint","urlTemplate":"https:\/\/ck-domstadt-hotels.de\/hotel-zur-alten-schmiede\/?s={search_term_string}"},"query-input":{"@type":"PropertyValueSpecification","valueRequired":true,"valueName":"search_term_string"}}],"inLanguage":"de"}]}},"_links":{"self":[{"href":"https:\/\/ck-domstadt-hotels.de\/hotel-zur-alten-schmiede\/wp-json\/wp\/v2\/pages\/1405","targetHints":{"allow":["GET"]}}],"collection":[{"href":"https:\/\/ck-domstadt-hotels.de\/hotel-zur-alten-schmiede\/wp-json\/wp\/v2\/pages"}],"about":[{"href":"https:\/\/ck-domstadt-hotels.de\/hotel-zur-alten-schmiede\/wp-json\/wp\/v2\/types\/page"}],"author":[{"embeddable":true,"href":"https:\/\/ck-domstadt-hotels.de\/hotel-zur-alten-schmiede\/wp-json\/wp\/v2\/users\/1"}],"replies":[{"embeddable":true,"href":"https:\/\/ck-domstadt-hotels.de\/hotel-zur-alten-schmiede\/wp-json\/wp\/v2\/comments?post=1405"}],"version-history":[{"count":4,"href":"https:\/\/ck-domstadt-hotels.de\/hotel-zur-alten-schmiede\/wp-json\/wp\/v2\/pages\/1405\/revisions"}],"predecessor-version":[{"id":1416,"href":"https:\/\/ck-domstadt-hotels.de\/hotel-zur-alten-schmiede\/wp-json\/wp\/v2\/pages\/1405\/revisions\/1416"}],"up":[{"embeddable":true,"href":"https:\/\/ck-domstadt-hotels.de\/hotel-zur-alten-schmiede\/wp-json\/wp\/v2\/pages\/10"}],"wp:attachment":[{"href":"https:\/\/ck-domstadt-hotels.de\/hotel-zur-alten-schmiede\/wp-json\/wp\/v2\/media?parent=1405"}],"curies":[{"name":"wp","href":"https:\/\/api.w.org\/{rel}","templated":true}]}}